{"id":50,"date":"2024-01-09T03:07:19","date_gmt":"2024-01-09T02:07:19","guid":{"rendered":"https:\/\/schlosser.werbe-sofa.de\/?page_id=50"},"modified":"2026-01-27T16:31:54","modified_gmt":"2026-01-27T15:31:54","slug":"startseite","status":"publish","type":"page","link":"https:\/\/www.schlossergemuese.de\/pl\/","title":{"rendered":"Strona g\u0142\u00f3wna"},"content":{"rendered":"","protected":false},"excerpt":{"rendered":"","protected":false},"author":1,"featured_media":0,"parent":0,"menu_order":0,"comment_status":"closed","ping_status":"closed","template":"","meta":{"_acf_changed":false,"_seopress_robots_primary_cat":"","_seopress_titles_title":"Firma Schlosser aus Schifferstadt","_seopress_titles_desc":"Schlosser Gem\u00fcse Schifferstadt \u2013 Frisches, regionales Gem\u00fcse direkt vom Feld. Nachhaltiger Anbau und h\u00f6chste Qualit\u00e4t f\u00fcr gesunde Ern\u00e4hrung aus der Region.","_seopress_robots_index":"","footnotes":""},"class_list":["post-50","page","type-page","status-publish","hentry"],"acf":[],"_links":{"self":[{"href":"https:\/\/www.schlossergemuese.de\/pl\/wp-json\/wp\/v2\/pages\/50","targetHints":{"allow":["GET"]}}],"collection":[{"href":"https:\/\/www.schlossergemuese.de\/pl\/wp-json\/wp\/v2\/pages"}],"about":[{"href":"https:\/\/www.schlossergemuese.de\/pl\/wp-json\/wp\/v2\/types\/page"}],"author":[{"embeddable":true,"href":"https:\/\/www.schlossergemuese.de\/pl\/wp-json\/wp\/v2\/users\/1"}],"replies":[{"embeddable":true,"href":"https:\/\/www.schlossergemuese.de\/pl\/wp-json\/wp\/v2\/comments?post=50"}],"version-history":[{"count":5,"href":"https:\/\/www.schlossergemuese.de\/pl\/wp-json\/wp\/v2\/pages\/50\/revisions"}],"predecessor-version":[{"id":1514,"href":"https:\/\/www.schlossergemuese.de\/pl\/wp-json\/wp\/v2\/pages\/50\/revisions\/1514"}],"wp:attachment":[{"href":"https:\/\/www.schlossergemuese.de\/pl\/wp-json\/wp\/v2\/media?parent=50"}],"curies":[{"name":"wp","href":"https:\/\/api.w.org\/{rel}","templated":true}]}}